{"id":10,"date":"2025-09-03T18:28:25","date_gmt":"2025-09-03T18:28:25","guid":{"rendered":"https:\/\/jazzeventosprivados.com\/index.php\/blog\/"},"modified":"2025-09-04T02:09:25","modified_gmt":"2025-09-04T02:09:25","slug":"blog","status":"publish","type":"page","link":"https:\/\/jazzeventosprivados.com\/index.php\/blog\/","title":{"rendered":"Blog"},"content":{"rendered":"<p>La meta de Jazz Eventos Privados es consolidarse como una de las Empresasm\u00e1s reconocidas en la musicalizaci\u00f3n de eventos privados en M\u00e9xico y el extranjero. Su prop\u00f3sito es transformar cada celebraci\u00f3n en una experiencia inolvidable a trav\u00e9s de la elegancia y versatilidad del saxof\u00f3n, ampliando su alcance a nuevos escenarios internacionales y generando v\u00ednculos art\u00edsticos que le permitan seguir compartiendo su m\u00fasica con p\u00fablicos de todo el mundo.<\/p>\n","protected":false},"excerpt":{"rendered":"<p>La meta de Jazz Eventos Privados es consolidarse como una de las Empresasm\u00e1s reconocidas en la musicalizaci\u00f3n de eventos privados en M\u00e9xico y el extranjero. Su prop\u00f3sito es transformar cada celebraci\u00f3n en una experiencia inolvidable a trav\u00e9s de la elegancia y versatilidad del saxof\u00f3n, ampliando su alcance a nuevos escenarios internacionales y generando v\u00ednculos art\u00edsticos [&hellip;]<\/p>\n","protected":false},"author":1,"featured_media":0,"parent":0,"menu_order":0,"comment_status":"closed","ping_status":"closed","template":"","meta":{"footnotes":""},"class_list":["post-10","page","type-page","status-publish","hentry"],"yoast_head":"<!-- This site is optimized with the Yoast SEO plugin v25.9 - https:\/\/yoast.com\/wordpress\/plugins\/seo\/ -->\n<title>Blog - Jazz Eventos Privados<\/title>\n<meta name=\"description\" content=\"La meta de Jazz Eventos Privados es consolidarse como una de las Empresasm\u00e1s reconocidas en la musicalizaci\u00f3n de eventos privados en M\u00e9xico y el extranjero. Su prop\u00f3sito es transformar cada celebraci\u00f3n en una experiencia inolvidable a trav\u00e9s de la elegancia y versatilidad del saxof\u00f3n, ampliando su alcance a nuevos escenarios internacionales y generando v\u00ednculos art\u00edsticos que le permitan seguir compartiendo su m\u00fasica con p\u00fablicos de todo el mundo.\" \/>\n<meta name=\"robots\" content=\"index, follow, max-snippet:-1, max-image-preview:large, max-video-preview:-1\" \/>\n<link rel=\"canonical\" href=\"https:\/\/jazzeventosprivados.com\/index.php\/blog\/\" \/>\n<meta property=\"og:locale\" content=\"es_ES\" \/>\n<meta property=\"og:type\" content=\"article\" \/>\n<meta property=\"og:title\" content=\"Blog - Jazz Eventos Privados\" \/>\n<meta property=\"og:description\" content=\"La meta de Jazz Eventos Privados es consolidarse como una de las Empresasm\u00e1s reconocidas en la musicalizaci\u00f3n de eventos privados en M\u00e9xico y el extranjero. Su prop\u00f3sito es transformar cada celebraci\u00f3n en una experiencia inolvidable a trav\u00e9s de la elegancia y versatilidad del saxof\u00f3n, ampliando su alcance a nuevos escenarios internacionales y generando v\u00ednculos art\u00edsticos que le permitan seguir compartiendo su m\u00fasica con p\u00fablicos de todo el mundo.\" \/>\n<meta property=\"og:url\" content=\"https:\/\/jazzeventosprivados.com\/index.php\/blog\/\" \/>\n<meta property=\"og:site_name\" content=\"Jazz Eventos Privados\" \/>\n<meta property=\"article:modified_time\" content=\"2025-09-04T02:09:25+00:00\" \/>\n<meta name=\"twitter:card\" content=\"summary_large_image\" \/>\n<meta name=\"twitter:label1\" content=\"Tiempo de lectura\" \/>\n\t<meta name=\"twitter:data1\" content=\"1 minuto\" \/>\n<script type=\"application\/ld+json\" class=\"yoast-schema-graph\">{\"@context\":\"https:\/\/schema.org\",\"@graph\":[{\"@type\":\"WebPage\",\"@id\":\"https:\/\/jazzeventosprivados.com\/index.php\/blog\/\",\"url\":\"https:\/\/jazzeventosprivados.com\/index.php\/blog\/\",\"name\":\"Blog - Jazz Eventos Privados\",\"isPartOf\":{\"@id\":\"https:\/\/jazzeventosprivados.com\/#website\"},\"datePublished\":\"2025-09-03T18:28:25+00:00\",\"dateModified\":\"2025-09-04T02:09:25+00:00\",\"description\":\"La meta de Jazz Eventos Privados es consolidarse como una de las Empresasm\u00e1s reconocidas en la musicalizaci\u00f3n de eventos privados en M\u00e9xico y el extranjero. Su prop\u00f3sito es transformar cada celebraci\u00f3n en una experiencia inolvidable a trav\u00e9s de la elegancia y versatilidad del saxof\u00f3n, ampliando su alcance a nuevos escenarios internacionales y generando v\u00ednculos art\u00edsticos que le permitan seguir compartiendo su m\u00fasica con p\u00fablicos de todo el mundo.\",\"breadcrumb\":{\"@id\":\"https:\/\/jazzeventosprivados.com\/index.php\/blog\/#breadcrumb\"},\"inLanguage\":\"es\",\"potentialAction\":[{\"@type\":\"ReadAction\",\"target\":[\"https:\/\/jazzeventosprivados.com\/index.php\/blog\/\"]}]},{\"@type\":\"BreadcrumbList\",\"@id\":\"https:\/\/jazzeventosprivados.com\/index.php\/blog\/#breadcrumb\",\"itemListElement\":[{\"@type\":\"ListItem\",\"position\":1,\"name\":\"Portada\",\"item\":\"https:\/\/jazzeventosprivados.com\/\"},{\"@type\":\"ListItem\",\"position\":2,\"name\":\"Blog\"}]},{\"@type\":\"WebSite\",\"@id\":\"https:\/\/jazzeventosprivados.com\/#website\",\"url\":\"https:\/\/jazzeventosprivados.com\/\",\"name\":\"Jazz Eventos Privados\",\"description\":\"JAZZ PARA EVENTOS PRIVADOS\",\"potentialAction\":[{\"@type\":\"SearchAction\",\"target\":{\"@type\":\"EntryPoint\",\"urlTemplate\":\"https:\/\/jazzeventosprivados.com\/?s={search_term_string}\"},\"query-input\":{\"@type\":\"PropertyValueSpecification\",\"valueRequired\":true,\"valueName\":\"search_term_string\"}}],\"inLanguage\":\"es\"}]}<\/script>\n<!-- \/ Yoast SEO plugin. -->","yoast_head_json":{"title":"Blog - Jazz Eventos Privados","description":"La meta de Jazz Eventos Privados es consolidarse como una de las Empresasm\u00e1s reconocidas en la musicalizaci\u00f3n de eventos privados en M\u00e9xico y el extranjero. Su prop\u00f3sito es transformar cada celebraci\u00f3n en una experiencia inolvidable a trav\u00e9s de la elegancia y versatilidad del saxof\u00f3n, ampliando su alcance a nuevos escenarios internacionales y generando v\u00ednculos art\u00edsticos que le permitan seguir compartiendo su m\u00fasica con p\u00fablicos de todo el mundo.","robots":{"index":"index","follow":"follow","max-snippet":"max-snippet:-1","max-image-preview":"max-image-preview:large","max-video-preview":"max-video-preview:-1"},"canonical":"https:\/\/jazzeventosprivados.com\/index.php\/blog\/","og_locale":"es_ES","og_type":"article","og_title":"Blog - Jazz Eventos Privados","og_description":"La meta de Jazz Eventos Privados es consolidarse como una de las Empresasm\u00e1s reconocidas en la musicalizaci\u00f3n de eventos privados en M\u00e9xico y el extranjero. Su prop\u00f3sito es transformar cada celebraci\u00f3n en una experiencia inolvidable a trav\u00e9s de la elegancia y versatilidad del saxof\u00f3n, ampliando su alcance a nuevos escenarios internacionales y generando v\u00ednculos art\u00edsticos que le permitan seguir compartiendo su m\u00fasica con p\u00fablicos de todo el mundo.","og_url":"https:\/\/jazzeventosprivados.com\/index.php\/blog\/","og_site_name":"Jazz Eventos Privados","article_modified_time":"2025-09-04T02:09:25+00:00","twitter_card":"summary_large_image","twitter_misc":{"Tiempo de lectura":"1 minuto"},"schema":{"@context":"https:\/\/schema.org","@graph":[{"@type":"WebPage","@id":"https:\/\/jazzeventosprivados.com\/index.php\/blog\/","url":"https:\/\/jazzeventosprivados.com\/index.php\/blog\/","name":"Blog - Jazz Eventos Privados","isPartOf":{"@id":"https:\/\/jazzeventosprivados.com\/#website"},"datePublished":"2025-09-03T18:28:25+00:00","dateModified":"2025-09-04T02:09:25+00:00","description":"La meta de Jazz Eventos Privados es consolidarse como una de las Empresasm\u00e1s reconocidas en la musicalizaci\u00f3n de eventos privados en M\u00e9xico y el extranjero. Su prop\u00f3sito es transformar cada celebraci\u00f3n en una experiencia inolvidable a trav\u00e9s de la elegancia y versatilidad del saxof\u00f3n, ampliando su alcance a nuevos escenarios internacionales y generando v\u00ednculos art\u00edsticos que le permitan seguir compartiendo su m\u00fasica con p\u00fablicos de todo el mundo.","breadcrumb":{"@id":"https:\/\/jazzeventosprivados.com\/index.php\/blog\/#breadcrumb"},"inLanguage":"es","potentialAction":[{"@type":"ReadAction","target":["https:\/\/jazzeventosprivados.com\/index.php\/blog\/"]}]},{"@type":"BreadcrumbList","@id":"https:\/\/jazzeventosprivados.com\/index.php\/blog\/#breadcrumb","itemListElement":[{"@type":"ListItem","position":1,"name":"Portada","item":"https:\/\/jazzeventosprivados.com\/"},{"@type":"ListItem","position":2,"name":"Blog"}]},{"@type":"WebSite","@id":"https:\/\/jazzeventosprivados.com\/#website","url":"https:\/\/jazzeventosprivados.com\/","name":"Jazz Eventos Privados","description":"JAZZ PARA EVENTOS PRIVADOS","potentialAction":[{"@type":"SearchAction","target":{"@type":"EntryPoint","urlTemplate":"https:\/\/jazzeventosprivados.com\/?s={search_term_string}"},"query-input":{"@type":"PropertyValueSpecification","valueRequired":true,"valueName":"search_term_string"}}],"inLanguage":"es"}]}},"_links":{"self":[{"href":"https:\/\/jazzeventosprivados.com\/index.php\/wp-json\/wp\/v2\/pages\/10","targetHints":{"allow":["GET"]}}],"collection":[{"href":"https:\/\/jazzeventosprivados.com\/index.php\/wp-json\/wp\/v2\/pages"}],"about":[{"href":"https:\/\/jazzeventosprivados.com\/index.php\/wp-json\/wp\/v2\/types\/page"}],"author":[{"embeddable":true,"href":"https:\/\/jazzeventosprivados.com\/index.php\/wp-json\/wp\/v2\/users\/1"}],"replies":[{"embeddable":true,"href":"https:\/\/jazzeventosprivados.com\/index.php\/wp-json\/wp\/v2\/comments?post=10"}],"version-history":[{"count":2,"href":"https:\/\/jazzeventosprivados.com\/index.php\/wp-json\/wp\/v2\/pages\/10\/revisions"}],"predecessor-version":[{"id":128,"href":"https:\/\/jazzeventosprivados.com\/index.php\/wp-json\/wp\/v2\/pages\/10\/revisions\/128"}],"wp:attachment":[{"href":"https:\/\/jazzeventosprivados.com\/index.php\/wp-json\/wp\/v2\/media?parent=10"}],"curies":[{"name":"wp","href":"https:\/\/api.w.org\/{rel}","templated":true}]}}