{"id":88,"date":"2025-09-03T18:50:41","date_gmt":"2025-09-03T18:50:41","guid":{"rendered":"https:\/\/jazzeventosprivados.com\/?page_id=88"},"modified":"2025-09-04T02:19:29","modified_gmt":"2025-09-04T02:19:29","slug":"videos","status":"publish","type":"page","link":"https:\/\/jazzeventosprivados.com\/index.php\/videos\/","title":{"rendered":"VIDEOS"},"content":{"rendered":"\r\n\r\n\r\n<figure class=\"wp-block-image size-full\">\r\n<p><iframe loading=\"lazy\" title=\"Mambo Kings - Beautiful Maria\" width=\"500\" height=\"281\" src=\"https:\/\/www.youtube.com\/embed\/zC_K8IhHRQ4?feature=oembed\" frameborder=\"0\" allow=\"accelerometer; autoplay; clipboard-write; encrypted-media; gyroscope; picture-in-picture; web-share\" referrerpolicy=\"strict-origin-when-cross-origin\" allowfullscreen><\/iframe><\/p>\r\n<img loading=\"lazy\" decoding=\"async\" width=\"591\" height=\"1109\" class=\"wp-image-113\" src=\"https:\/\/jazzeventosprivados.com\/wp-content\/uploads\/2025\/09\/IMG_4816.jpg\" alt=\"\" srcset=\"https:\/\/jazzeventosprivados.com\/wp-content\/uploads\/2025\/09\/IMG_4816.jpg 591w, https:\/\/jazzeventosprivados.com\/wp-content\/uploads\/2025\/09\/IMG_4816-160x300.jpg 160w, https:\/\/jazzeventosprivados.com\/wp-content\/uploads\/2025\/09\/IMG_4816-546x1024.jpg 546w\" sizes=\"auto, (max-width: 591px) 100vw, 591px\" \/><\/figure>\r\n","protected":false},"excerpt":{"rendered":"","protected":false},"author":1,"featured_media":0,"parent":0,"menu_order":2,"comment_status":"closed","ping_status":"closed","template":"","meta":{"footnotes":""},"class_list":["post-88","page","type-page","status-publish","hentry"],"yoast_head":"<!-- This site is optimized with the Yoast SEO plugin v25.9 - https:\/\/yoast.com\/wordpress\/plugins\/seo\/ -->\n<title>VIDEOS - Jazz Eventos Privados<\/title>\n<meta name=\"description\" content=\"La meta de Jazz Eventos Privados es consolidarse como una de las Empresas m\u00e1s reconocidas en la musicalizaci\u00f3n de eventos privados en M\u00e9xico y el extranjero. Su prop\u00f3sito es transformar cada celebraci\u00f3n en una experiencia inolvidable a trav\u00e9s de la elegancia y versatilidad del saxof\u00f3n, ampliando su alcance a nuevos escenarios internacionales y generando v\u00ednculos art\u00edsticos que le permitan seguir compartiendo su m\u00fasica con p\u00fablicos de todo el mundo.\" \/>\n<meta name=\"robots\" content=\"index, follow, max-snippet:-1, max-image-preview:large, max-video-preview:-1\" \/>\n<link rel=\"canonical\" href=\"https:\/\/jazzeventosprivados.com\/index.php\/videos\/\" \/>\n<meta property=\"og:locale\" content=\"es_ES\" \/>\n<meta property=\"og:type\" content=\"article\" \/>\n<meta property=\"og:title\" content=\"VIDEOS - Jazz Eventos Privados\" \/>\n<meta property=\"og:description\" content=\"La meta de Jazz Eventos Privados es consolidarse como una de las Empresas m\u00e1s reconocidas en la musicalizaci\u00f3n de eventos privados en M\u00e9xico y el extranjero. Su prop\u00f3sito es transformar cada celebraci\u00f3n en una experiencia inolvidable a trav\u00e9s de la elegancia y versatilidad del saxof\u00f3n, ampliando su alcance a nuevos escenarios internacionales y generando v\u00ednculos art\u00edsticos que le permitan seguir compartiendo su m\u00fasica con p\u00fablicos de todo el mundo.\" \/>\n<meta property=\"og:url\" content=\"https:\/\/jazzeventosprivados.com\/index.php\/videos\/\" \/>\n<meta property=\"og:site_name\" content=\"Jazz Eventos Privados\" \/>\n<meta property=\"article:modified_time\" content=\"2025-09-04T02:19:29+00:00\" \/>\n<meta property=\"og:image\" content=\"https:\/\/jazzeventosprivados.com\/wp-content\/uploads\/2025\/09\/IMG_4816.jpg\" \/>\n\t<meta property=\"og:image:width\" content=\"591\" \/>\n\t<meta property=\"og:image:height\" content=\"1109\" \/>\n\t<meta property=\"og:image:type\" content=\"image\/jpeg\" \/>\n<meta name=\"twitter:card\" content=\"summary_large_image\" \/>\n<meta name=\"twitter:label1\" content=\"Tiempo de lectura\" \/>\n\t<meta name=\"twitter:data1\" content=\"1 minuto\" \/>\n<script type=\"application\/ld+json\" class=\"yoast-schema-graph\">{\"@context\":\"https:\/\/schema.org\",\"@graph\":[{\"@type\":\"WebPage\",\"@id\":\"https:\/\/jazzeventosprivados.com\/index.php\/videos\/\",\"url\":\"https:\/\/jazzeventosprivados.com\/index.php\/videos\/\",\"name\":\"VIDEOS - Jazz Eventos Privados\",\"isPartOf\":{\"@id\":\"https:\/\/jazzeventosprivados.com\/#website\"},\"primaryImageOfPage\":{\"@id\":\"https:\/\/jazzeventosprivados.com\/index.php\/videos\/#primaryimage\"},\"image\":{\"@id\":\"https:\/\/jazzeventosprivados.com\/index.php\/videos\/#primaryimage\"},\"thumbnailUrl\":\"https:\/\/jazzeventosprivados.com\/wp-content\/uploads\/2025\/09\/IMG_4816.jpg\",\"datePublished\":\"2025-09-03T18:50:41+00:00\",\"dateModified\":\"2025-09-04T02:19:29+00:00\",\"description\":\"La meta de Jazz Eventos Privados es consolidarse como una de las Empresas m\u00e1s reconocidas en la musicalizaci\u00f3n de eventos privados en M\u00e9xico y el extranjero. Su prop\u00f3sito es transformar cada celebraci\u00f3n en una experiencia inolvidable a trav\u00e9s de la elegancia y versatilidad del saxof\u00f3n, ampliando su alcance a nuevos escenarios internacionales y generando v\u00ednculos art\u00edsticos que le permitan seguir compartiendo su m\u00fasica con p\u00fablicos de todo el mundo.\",\"breadcrumb\":{\"@id\":\"https:\/\/jazzeventosprivados.com\/index.php\/videos\/#breadcrumb\"},\"inLanguage\":\"es\",\"potentialAction\":[{\"@type\":\"ReadAction\",\"target\":[\"https:\/\/jazzeventosprivados.com\/index.php\/videos\/\"]}]},{\"@type\":\"ImageObject\",\"inLanguage\":\"es\",\"@id\":\"https:\/\/jazzeventosprivados.com\/index.php\/videos\/#primaryimage\",\"url\":\"https:\/\/jazzeventosprivados.com\/wp-content\/uploads\/2025\/09\/IMG_4816.jpg\",\"contentUrl\":\"https:\/\/jazzeventosprivados.com\/wp-content\/uploads\/2025\/09\/IMG_4816.jpg\",\"width\":591,\"height\":1109},{\"@type\":\"BreadcrumbList\",\"@id\":\"https:\/\/jazzeventosprivados.com\/index.php\/videos\/#breadcrumb\",\"itemListElement\":[{\"@type\":\"ListItem\",\"position\":1,\"name\":\"Portada\",\"item\":\"https:\/\/jazzeventosprivados.com\/\"},{\"@type\":\"ListItem\",\"position\":2,\"name\":\"VIDEOS\"}]},{\"@type\":\"WebSite\",\"@id\":\"https:\/\/jazzeventosprivados.com\/#website\",\"url\":\"https:\/\/jazzeventosprivados.com\/\",\"name\":\"Jazz Eventos Privados\",\"description\":\"JAZZ PARA EVENTOS PRIVADOS\",\"potentialAction\":[{\"@type\":\"SearchAction\",\"target\":{\"@type\":\"EntryPoint\",\"urlTemplate\":\"https:\/\/jazzeventosprivados.com\/?s={search_term_string}\"},\"query-input\":{\"@type\":\"PropertyValueSpecification\",\"valueRequired\":true,\"valueName\":\"search_term_string\"}}],\"inLanguage\":\"es\"}]}<\/script>\n<!-- \/ Yoast SEO plugin. -->","yoast_head_json":{"title":"VIDEOS - Jazz Eventos Privados","description":"La meta de Jazz Eventos Privados es consolidarse como una de las Empresas m\u00e1s reconocidas en la musicalizaci\u00f3n de eventos privados en M\u00e9xico y el extranjero. Su prop\u00f3sito es transformar cada celebraci\u00f3n en una experiencia inolvidable a trav\u00e9s de la elegancia y versatilidad del saxof\u00f3n, ampliando su alcance a nuevos escenarios internacionales y generando v\u00ednculos art\u00edsticos que le permitan seguir compartiendo su m\u00fasica con p\u00fablicos de todo el mundo.","robots":{"index":"index","follow":"follow","max-snippet":"max-snippet:-1","max-image-preview":"max-image-preview:large","max-video-preview":"max-video-preview:-1"},"canonical":"https:\/\/jazzeventosprivados.com\/index.php\/videos\/","og_locale":"es_ES","og_type":"article","og_title":"VIDEOS - Jazz Eventos Privados","og_description":"La meta de Jazz Eventos Privados es consolidarse como una de las Empresas m\u00e1s reconocidas en la musicalizaci\u00f3n de eventos privados en M\u00e9xico y el extranjero. Su prop\u00f3sito es transformar cada celebraci\u00f3n en una experiencia inolvidable a trav\u00e9s de la elegancia y versatilidad del saxof\u00f3n, ampliando su alcance a nuevos escenarios internacionales y generando v\u00ednculos art\u00edsticos que le permitan seguir compartiendo su m\u00fasica con p\u00fablicos de todo el mundo.","og_url":"https:\/\/jazzeventosprivados.com\/index.php\/videos\/","og_site_name":"Jazz Eventos Privados","article_modified_time":"2025-09-04T02:19:29+00:00","og_image":[{"width":591,"height":1109,"url":"https:\/\/jazzeventosprivados.com\/wp-content\/uploads\/2025\/09\/IMG_4816.jpg","type":"image\/jpeg"}],"twitter_card":"summary_large_image","twitter_misc":{"Tiempo de lectura":"1 minuto"},"schema":{"@context":"https:\/\/schema.org","@graph":[{"@type":"WebPage","@id":"https:\/\/jazzeventosprivados.com\/index.php\/videos\/","url":"https:\/\/jazzeventosprivados.com\/index.php\/videos\/","name":"VIDEOS - Jazz Eventos Privados","isPartOf":{"@id":"https:\/\/jazzeventosprivados.com\/#website"},"primaryImageOfPage":{"@id":"https:\/\/jazzeventosprivados.com\/index.php\/videos\/#primaryimage"},"image":{"@id":"https:\/\/jazzeventosprivados.com\/index.php\/videos\/#primaryimage"},"thumbnailUrl":"https:\/\/jazzeventosprivados.com\/wp-content\/uploads\/2025\/09\/IMG_4816.jpg","datePublished":"2025-09-03T18:50:41+00:00","dateModified":"2025-09-04T02:19:29+00:00","description":"La meta de Jazz Eventos Privados es consolidarse como una de las Empresas m\u00e1s reconocidas en la musicalizaci\u00f3n de eventos privados en M\u00e9xico y el extranjero. Su prop\u00f3sito es transformar cada celebraci\u00f3n en una experiencia inolvidable a trav\u00e9s de la elegancia y versatilidad del saxof\u00f3n, ampliando su alcance a nuevos escenarios internacionales y generando v\u00ednculos art\u00edsticos que le permitan seguir compartiendo su m\u00fasica con p\u00fablicos de todo el mundo.","breadcrumb":{"@id":"https:\/\/jazzeventosprivados.com\/index.php\/videos\/#breadcrumb"},"inLanguage":"es","potentialAction":[{"@type":"ReadAction","target":["https:\/\/jazzeventosprivados.com\/index.php\/videos\/"]}]},{"@type":"ImageObject","inLanguage":"es","@id":"https:\/\/jazzeventosprivados.com\/index.php\/videos\/#primaryimage","url":"https:\/\/jazzeventosprivados.com\/wp-content\/uploads\/2025\/09\/IMG_4816.jpg","contentUrl":"https:\/\/jazzeventosprivados.com\/wp-content\/uploads\/2025\/09\/IMG_4816.jpg","width":591,"height":1109},{"@type":"BreadcrumbList","@id":"https:\/\/jazzeventosprivados.com\/index.php\/videos\/#breadcrumb","itemListElement":[{"@type":"ListItem","position":1,"name":"Portada","item":"https:\/\/jazzeventosprivados.com\/"},{"@type":"ListItem","position":2,"name":"VIDEOS"}]},{"@type":"WebSite","@id":"https:\/\/jazzeventosprivados.com\/#website","url":"https:\/\/jazzeventosprivados.com\/","name":"Jazz Eventos Privados","description":"JAZZ PARA EVENTOS PRIVADOS","potentialAction":[{"@type":"SearchAction","target":{"@type":"EntryPoint","urlTemplate":"https:\/\/jazzeventosprivados.com\/?s={search_term_string}"},"query-input":{"@type":"PropertyValueSpecification","valueRequired":true,"valueName":"search_term_string"}}],"inLanguage":"es"}]}},"_links":{"self":[{"href":"https:\/\/jazzeventosprivados.com\/index.php\/wp-json\/wp\/v2\/pages\/88","targetHints":{"allow":["GET"]}}],"collection":[{"href":"https:\/\/jazzeventosprivados.com\/index.php\/wp-json\/wp\/v2\/pages"}],"about":[{"href":"https:\/\/jazzeventosprivados.com\/index.php\/wp-json\/wp\/v2\/types\/page"}],"author":[{"embeddable":true,"href":"https:\/\/jazzeventosprivados.com\/index.php\/wp-json\/wp\/v2\/users\/1"}],"replies":[{"embeddable":true,"href":"https:\/\/jazzeventosprivados.com\/index.php\/wp-json\/wp\/v2\/comments?post=88"}],"version-history":[{"count":5,"href":"https:\/\/jazzeventosprivados.com\/index.php\/wp-json\/wp\/v2\/pages\/88\/revisions"}],"predecessor-version":[{"id":136,"href":"https:\/\/jazzeventosprivados.com\/index.php\/wp-json\/wp\/v2\/pages\/88\/revisions\/136"}],"wp:attachment":[{"href":"https:\/\/jazzeventosprivados.com\/index.php\/wp-json\/wp\/v2\/media?parent=88"}],"curies":[{"name":"wp","href":"https:\/\/api.w.org\/{rel}","templated":true}]}}